{"id":24,"date":"2020-02-05T18:20:33","date_gmt":"2020-02-05T18:20:33","guid":{"rendered":"http:\/\/vffg-ev.de\/?page_id=24"},"modified":"2020-02-07T15:10:34","modified_gmt":"2020-02-07T15:10:34","slug":"impressum","status":"publish","type":"page","link":"https:\/\/vffg-ev.de\/?page_id=24","title":{"rendered":"Impressum"},"content":{"rendered":"\n<figure class=\"wp-block-table alignleft\"><table class=\"\"><tbody><tr><td><strong>VFFG e.V im ADAC &#8211;<\/strong><br><strong>Veteranen-Fahrzeug-Freunde G\u00f6ttingen e.V. im ADAC<\/strong>       <\/td><\/tr><tr><td>       <strong><br><\/strong>vertreten durch den gesamten  Vorstand       <br><strong>Vereinsanschrift:<\/strong><br>Frau Agnes Fr\u00fchwald<br>Karl-Marx-Str. 72<br>37081 G\u00f6ttingen<br>Tel.:(05 51) 91809<br>Internet: <a href=\"http:\/\/www.vffg-ev.de\">www.vffg-ev.de<br><\/a>E-Mail: <a href=\"mailto:af-fruehwald@t-online.de\">af@vffg-ev.de<\/a><br><br>Vereinsregister-Nr.: Amtsgericht G\u00f6ttingen,       VR 2350       <\/td><\/tr><tr><td>       <br>Inhaltlich Verantwortliche gem\u00e4\u00df \u00a7 5 TMG: <br>Agnes Fr\u00fchwald, Oliver Kulp      <br>Vertetungsberechtigt gem\u00e4\u00df \u00a7 26 BGB: 2 Mitglieder des gesch\u00e4ftsf\u00fchrenden Vorstands. <br>(Informationen zum Vorstand finden Sie   unter Vorstand)       <\/td><\/tr><tr><td>\n      <br>\n      <strong>Haftungsausschluss:<br>\n      <\/strong>Der VFFG e.V. im ADAC bzw. die Autoren \u00fcbernehmen keinerlei Gew\u00e4hr\n      f\u00fcr die Aktualit\u00e4t, Korrektheit, Vollst\u00e4ndigkeit oder Qualit\u00e4t der\n      bereitgestellten Informationen. Haftungsanspr\u00fcche gegen die Autoren, die\n      sich auf Sch\u00e4den materieller oder ideeller Art beziehen, welche durch die\n      Nutzung oder Nichtnutzung der dargebotenen Informationen bzw. durch die\n      Nutzung fehlerhafter und unvollst\u00e4ndiger Informationen verursacht wurden,\n      sind grunds\u00e4tzlich ausgeschlossen, sofern seitens der Autoren kein\n      nachweislich vors\u00e4tzliches oder grob fahrl\u00e4ssiges Verschulden vorliegt.\n      Alle Angebote sind freibleibend und unverbindlich. Die Autoren behalten es\n      sich ausdr\u00fccklich vor, Teile der Seiten oder das gesamte Angebot ohne\n      gesonderte Ank\u00fcndigung zu ver\u00e4ndern, zu erg\u00e4nzen, zu l\u00f6schen oder die\n      Ver\u00f6ffentlichung zeitweise oder endg\u00fcltig einzustellen.<br>\n      <br>\n      <strong>Urheberrecht:<\/strong><br>\n      Die Inhalte der Seiten sind grunds\u00e4tzlich urheberrechtlich gesch\u00fctzt.<br>\n      <br>\n      Das Kopieren oder die Vervielf\u00e4ltigung von Informationen oder Daten,<br>\n      insbesondere die Verwendung von Texten, Fotos, Grafiken und des Logos<br>\n      bedarf der vorherigen Zustimmung des Verfassers,<br>\n      sofern diese nicht ausdr\u00fccklich zum Herunterladen angeboten werden.<br>\n      <br>\n      <strong>Haftungshinweis:<\/strong><br>\n      Trotz sorgf\u00e4ltiger inhaltlicher Kontrolle \u00fcbernehmen wir keine Haftung f\u00fcr\n      die Inhalte externer Links. F\u00fcr den Inhalt der verlinkten Seiten sind\n      ausschlie\u00dflich deren Betreiber verantwortlich.\n      <\/td><\/tr><\/tbody><\/table><\/figure>\n","protected":false},"excerpt":{"rendered":"<p>VFFG e.V im ADAC &#8211;Veteranen-Fahrzeug-Freunde G\u00f6ttingen e.V. im ADAC vertreten durch den gesamten Vorstand Vereinsanschrift:Frau Agnes Fr\u00fchwaldKarl-Marx-Str. 7237081 G\u00f6ttingenTel.:(05 51) 91809Internet: www.vffg-ev.deE-Mail: af@vffg-ev.de Vereinsregister-Nr.: Amtsgericht G\u00f6ttingen, VR 2350 Inhaltlich Verantwortliche gem\u00e4\u00df \u00a7 5 TMG: Agnes Fr\u00fchwald, Oliver Kulp Vertetungsberechtigt gem\u00e4\u00df &hellip; <a href=\"https:\/\/vffg-ev.de\/?page_id=24\">Weiterlesen <span class=\"meta-nav\">&rarr;<\/span><\/a><\/p>\n","protected":false},"author":1,"featured_media":0,"parent":0,"menu_order":7,"comment_status":"closed","ping_status":"closed","template":"","meta":{"footnotes":""},"class_list":["post-24","page","type-page","status-publish","hentry"],"_links":{"self":[{"href":"https:\/\/vffg-ev.de\/index.php?rest_route=\/wp\/v2\/pages\/24","targetHints":{"allow":["GET"]}}],"collection":[{"href":"https:\/\/vffg-ev.de\/index.php?rest_route=\/wp\/v2\/pages"}],"about":[{"href":"https:\/\/vffg-ev.de\/index.php?rest_route=\/wp\/v2\/types\/page"}],"author":[{"embeddable":true,"href":"https:\/\/vffg-ev.de\/index.php?rest_route=\/wp\/v2\/users\/1"}],"replies":[{"embeddable":true,"href":"https:\/\/vffg-ev.de\/index.php?rest_route=%2Fwp%2Fv2%2Fcomments&post=24"}],"version-history":[{"count":5,"href":"https:\/\/vffg-ev.de\/index.php?rest_route=\/wp\/v2\/pages\/24\/revisions"}],"predecessor-version":[{"id":177,"href":"https:\/\/vffg-ev.de\/index.php?rest_route=\/wp\/v2\/pages\/24\/revisions\/177"}],"wp:attachment":[{"href":"https:\/\/vffg-ev.de\/index.php?rest_route=%2Fwp%2Fv2%2Fmedia&parent=24"}],"curies":[{"name":"wp","href":"https:\/\/api.w.org\/{rel}","templated":true}]}}